{"id":1878,"date":"2020-05-20T07:17:25","date_gmt":"2020-05-20T07:17:25","guid":{"rendered":"http:\/\/www.aluimpact.com\/?page_id=1878"},"modified":"2020-07-10T09:01:47","modified_gmt":"2020-07-10T09:01:47","slug":"fuel-filter","status":"publish","type":"page","link":"https:\/\/www.aluimpact.com\/fr\/produit\/industrie-automobile\/filtre-a-carburant\/","title":{"rendered":"Filtre \u00e0 carburant"},"content":{"rendered":"<div class=\"vc_row wpb_row vc_row-fluid\"><div class=\"wpb_column vc_column_container vc_col-sm-12\"><div class=\"vc_column-inner\"><div class=\"wpb_wrapper\"><style type=\"text\/css\" data-type=\"the7_shortcodes-inline-css\">.shortcode-single-image-wrap.shortcode-single-image-f03a8454546c17f57fea243426be8777.enable-bg-rollover .rollover i,\n.shortcode-single-image-wrap.shortcode-single-image-f03a8454546c17f57fea243426be8777.enable-bg-rollover .rollover-video i {\n  background: ;\n  background: -webkit-linear-gradient();\n  background: linear-gradient();\n}\n.shortcode-single-image-wrap.shortcode-single-image-f03a8454546c17f57fea243426be8777 .rollover-icon {\n  font-size: 32px;\n  color: #ffffff;\n  min-width: 44px;\n  min-height: 44px;\n  line-height: 44px;\n  border-radius: 100px;\n  border-style: solid;\n  border-width: 0px;\n}\n.dt-icon-bg-on.shortcode-single-image-wrap.shortcode-single-image-f03a8454546c17f57fea243426be8777 .rollover-icon {\n  background: rgba(255,255,255,0.3);\n  box-shadow: none;\n}\n<\/style><div class=\"shortcode-single-image-wrap shortcode-single-image-f03a8454546c17f57fea243426be8777 alignnone  enable-bg-rollover dt-icon-bg-off\" style=\"margin-top:0px; margin-bottom:0px; margin-left:0px; margin-right:0px; width:1000px;\"><div class=\"shortcode-single-image\"><div class=\"fancy-media-wrap  layzr-bg\" style=\"\"><img loading=\"lazy\" decoding=\"async\" class=\"preload-me lazy-load\" src=\"data:image\/svg+xml,%3Csvg%20xmlns%3D&#39;http%3A%2F%2Fwww.w3.org%2F2000%2Fsvg&#39;%20viewBox%3D&#39;0%200%201000%20333&#39;%2F%3E\" data-src=\"https:\/\/www.aluimpact.com\/wp-content\/uploads\/2020\/06\/fuel-filter-04-scaled-1000x333.jpg\" data-srcset=\"https:\/\/www.aluimpact.com\/wp-content\/uploads\/2020\/06\/fuel-filter-04-scaled-1000x333.jpg 1000w, https:\/\/www.aluimpact.com\/wp-content\/uploads\/2020\/06\/fuel-filter-04-scaled-2000x666.jpg 2000w\" width=\"1000\" height=\"333\"  data-dt-location=\"https:\/\/www.aluimpact.com\/fr\/produit\/industrie-automobile\/filtre-a-carburant\/fuel-filter-04\/\" style=\"\" alt=\"\" \/><\/div><\/div><\/div>\n\t<div class=\"wpb_text_column wpb_content_element\" >\n\t\t<div class=\"wpb_wrapper\">\n\t\t\t\n\t\t<\/div>\n\t<\/div>\n<div id=\"ultimate-heading-277569f5f71cbd740\" class=\"uvc-heading ult-adjust-bottom-margin ultimate-heading-277569f5f71cbd740 uvc-2232  uvc-heading-default-font-sizes\" data-hspacer=\"no_spacer\"  data-halign=\"left\" style=\"text-align:left\"><div class=\"uvc-heading-spacer no_spacer\" style=\"top\"><\/div><div class=\"uvc-main-heading ult-responsive\"  data-ultimate-target='.uvc-heading.ultimate-heading-277569f5f71cbd740 h2'  data-responsive-json-new='{\"font-size\":\"\",\"line-height\":\"\"}' ><h2 style=\"--font-weight:theme;\">Filtre \u00e0 carburant<\/h2><\/div><\/div>\n\t<div class=\"wpb_text_column wpb_content_element\" >\n\t\t<div class=\"wpb_wrapper\">\n\t\t\t\n\t\t<\/div>\n\t<\/div>\n\n\t<div class=\"wpb_text_column wpb_content_element\" >\n\t\t<div class=\"wpb_wrapper\">\n\t\t\t<p>Le filtre \u00e0 carburant est situ\u00e9 dans la conduite de carburant des moteurs \u00e0 combustion interne, qui peut filtrer les particules de salet\u00e9 et de rouille du carburant, et est normalement transform\u00e9 en cartouches contenant un papier filtre.<\/p>\n<p>G\u00e9n\u00e9ralement, les filtres \u00e0 carburant doivent \u00eatre remplac\u00e9s r\u00e9guli\u00e8rement, car les filtres \u00e0 long terme peuvent \u00eatre obstru\u00e9s par des contaminants et entra\u00eener une restriction du d\u00e9bit de carburant, entra\u00eenant une baisse sensible des performances du moteur.<\/p>\n<p>Nous fournissons principalement des composants de filtre \u00e0 carburant complets pour les moteurs \u00e0 combustion interne.<\/p>\n\n\t\t<\/div>\n\t<\/div>\n\n\t<div class=\"wpb_text_column wpb_content_element\" >\n\t\t<div class=\"wpb_wrapper\">\n\t\t\t<h4>Pour les composants de filtre \u00e0 carburant, nos produits incluent principalement\u00a0:<\/h4>\n\n\t\t<\/div>\n\t<\/div>\n<\/div><\/div><\/div><\/div><div class=\"vc_row wpb_row vc_row-fluid\"><div class=\"wpb_column vc_column_container vc_col-sm-12\"><div class=\"vc_column-inner\"><div class=\"wpb_wrapper\">\n\t<div class=\"wpb_text_column wpb_content_element\" >\n\t\t<div class=\"wpb_wrapper\">\n\t\t\t\n<table id=\"tablepress-fuelfilter\" class=\"tablepress tablepress-id-fuelfilter\">\n<thead>\n<tr class=\"row-1 odd\">\n\t<th class=\"column-1\">Non<\/th><th class=\"column-2\">Num\u00e9ro OE<\/th><th class=\"column-3\">Num\u00e9ro MANN<\/th><th class=\"column-4\">Mod\u00e8les repr\u00e9sentatifs<\/th>\n<\/tr>\n<\/thead>\n<tbody class=\"row-hover\">\n<tr class=\"row-2 even\">\n\t<td class=\"column-1\">1<\/td><td class=\"column-2\">002 477 3901<\/td><td class=\"column-3\"><\/td><td class=\"column-4\">Benz<\/td>\n<\/tr>\n<tr class=\"row-3 odd\">\n\t<td class=\"column-1\">2<\/td><td class=\"column-2\"><\/td><td class=\"column-3\"><\/td><td class=\"column-4\">BMW S\u00e9rie 3<\/td>\n<\/tr>\n<tr class=\"row-4 even\">\n\t<td class=\"column-1\">3<\/td><td class=\"column-2\">1332 7823 413<\/td><td class=\"column-3\"><\/td><td class=\"column-4\">BMW-X1(E84), X3, X4<\/td>\n<\/tr>\n<tr class=\"row-5 odd\">\n\t<td class=\"column-1\">4<\/td><td class=\"column-2\">16126754016<\/td><td class=\"column-3\"><\/td><td class=\"column-4\">Range Rover<\/td>\n<\/tr>\n<tr class=\"row-6 even\">\n\t<td class=\"column-1\">5<\/td><td class=\"column-2\">7H0127401A<\/td><td class=\"column-3\"><\/td><td class=\"column-4\">Volkswagen VW Touareg<\/td>\n<\/tr>\n<tr class=\"row-7 odd\">\n\t<td class=\"column-1\">6<\/td><td class=\"column-2\">22400 34301<\/td><td class=\"column-3\"><\/td><td class=\"column-4\">Ssangyong<\/td>\n<\/tr>\n<tr class=\"row-8 even\">\n\t<td class=\"column-1\">7<\/td><td class=\"column-2\">8M51 9155 BB<\/td><td class=\"column-3\"><\/td><td class=\"column-4\">Ford FUSION, Mazda DEMIO<\/td>\n<\/tr>\n<tr class=\"row-9 odd\">\n\t<td class=\"column-1\">8<\/td><td class=\"column-2\">0 450 903 318<\/td><td class=\"column-3\"><\/td><td class=\"column-4\">Bora<\/td>\n<\/tr>\n<tr class=\"row-10 even\">\n\t<td class=\"column-1\">9<\/td><td class=\"column-2\">1612 7236 941<\/td><td class=\"column-3\"><\/td><td class=\"column-4\">BMW E65, E66, E760<\/td>\n<\/tr>\n<tr class=\"row-11 odd\">\n\t<td class=\"column-1\">10<\/td><td class=\"column-2\">22400-34301<\/td><td class=\"column-3\"><\/td><td class=\"column-4\">Ssangyong<\/td>\n<\/tr>\n<tr class=\"row-12 even\">\n\t<td class=\"column-1\">11<\/td><td class=\"column-2\">8T0 127 401A<\/td><td class=\"column-3\"><\/td><td class=\"column-4\">AUDI-A7<\/td>\n<\/tr>\n<tr class=\"row-13 odd\">\n\t<td class=\"column-1\">12<\/td><td class=\"column-2\">13321709535<\/td><td class=\"column-3\"><\/td><td class=\"column-4\">BMW-X5<\/td>\n<\/tr>\n<tr class=\"row-14 even\">\n\t<td class=\"column-1\">13<\/td><td class=\"column-2\">13321702632<\/td><td class=\"column-3\"><\/td><td class=\"column-4\">BMW 320I<\/td>\n<\/tr>\n<tr class=\"row-15 odd\">\n\t<td class=\"column-1\">14<\/td><td class=\"column-2\">6Q0 201 511B\/C<\/td><td class=\"column-3\"><\/td><td class=\"column-4\">Nouvelle POLO, Skoda, Audi A3, etc.<\/td>\n<\/tr>\n<tr class=\"row-16 even\">\n\t<td class=\"column-1\">15<\/td><td class=\"column-2\">002 477 27 01<\/td><td class=\"column-3\"><\/td><td class=\"column-4\">Daewoo REXTON (GAB), Autobus Volkswagen LT Mk II, Mercedes-Benz<\/td>\n<\/tr>\n<tr class=\"row-17 odd\">\n\t<td class=\"column-1\">16<\/td><td class=\"column-2\">5M51 9155AA<\/td><td class=\"column-3\"><\/td><td class=\"column-4\">Ford (mise au point 2011)<\/td>\n<\/tr>\n<tr class=\"row-18 even\">\n\t<td class=\"column-1\">17<\/td><td class=\"column-2\">51817983<\/td><td class=\"column-3\"><\/td><td class=\"column-4\">D\u00e9cret<\/td>\n<\/tr>\n<tr class=\"row-19 odd\">\n\t<td class=\"column-1\">18<\/td><td class=\"column-2\"><\/td><td class=\"column-3\"><\/td><td class=\"column-4\">Renard<\/td>\n<\/tr>\n<tr class=\"row-20 even\">\n\t<td class=\"column-1\">19<\/td><td class=\"column-2\">31271607<\/td><td class=\"column-3\"><\/td><td class=\"column-4\">Ford FOCUS, Mazda 3<\/td>\n<\/tr>\n<tr class=\"row-21 odd\">\n\t<td class=\"column-1\">20<\/td><td class=\"column-2\">1612 7236 941<\/td><td class=\"column-3\"><\/td><td class=\"column-4\">BMW E65, E66, E760<\/td>\n<\/tr>\n<tr class=\"row-22 even\">\n\t<td class=\"column-1\">21<\/td><td class=\"column-2\">22400-34301<\/td><td class=\"column-3\"><\/td><td class=\"column-4\">BMW<\/td>\n<\/tr>\n<tr class=\"row-23 odd\">\n\t<td class=\"column-1\">22<\/td><td class=\"column-2\">6Q0 201 051<\/td><td class=\"column-3\"><\/td><td class=\"column-4\">Vieux POLO<\/td>\n<\/tr>\n<tr class=\"row-24 even\">\n\t<td class=\"column-1\">23<\/td><td class=\"column-2\"><\/td><td class=\"column-3\"><\/td><td class=\"column-4\">Ssangyong<\/td>\n<\/tr>\n<tr class=\"row-25 odd\">\n\t<td class=\"column-1\">24<\/td><td class=\"column-2\">8T0 127 401F<\/td><td class=\"column-3\"><\/td><td class=\"column-4\">Audi-Q5<\/td>\n<\/tr>\n<tr class=\"row-26 even\">\n\t<td class=\"column-1\">25<\/td><td class=\"column-2\">16126750475<\/td><td class=\"column-3\"><\/td><td class=\"column-4\">BMW S\u00e9rie 7 (E65, E66, E67)<\/td>\n<\/tr>\n<tr class=\"row-27 odd\">\n\t<td class=\"column-1\">26<\/td><td class=\"column-2\">7H0127401D<\/td><td class=\"column-3\"><\/td><td class=\"column-4\">Volkswagen<\/td>\n<\/tr>\n<tr class=\"row-28 even\">\n\t<td class=\"column-1\">27<\/td><td class=\"column-2\">7H0127401D<\/td><td class=\"column-3\"><\/td><td class=\"column-4\">Volkswagen<\/td>\n<\/tr>\n<tr class=\"row-29 odd\">\n\t<td class=\"column-1\">28<\/td><td class=\"column-2\">13327512019<\/td><td class=\"column-3\"><\/td><td class=\"column-4\">BMW Z3<\/td>\n<\/tr>\n<tr class=\"row-30 even\">\n\t<td class=\"column-1\">29<\/td><td class=\"column-2\"><\/td><td class=\"column-3\">WK5015Z<\/td><td class=\"column-4\">BMW<\/td>\n<\/tr>\n<tr class=\"row-31 odd\">\n\t<td class=\"column-1\">30<\/td><td class=\"column-2\">13 32 1 713 808<\/td><td class=\"column-3\"><\/td><td class=\"column-4\">BMW 8 (E31), BMW 3 Compact (E36)<\/td>\n<\/tr>\n<tr class=\"row-32 even\">\n\t<td class=\"column-1\">31<\/td><td class=\"column-2\"><\/td><td class=\"column-3\">WK522<\/td><td class=\"column-4\">Land Rover FREELANDER (LN)<\/td>\n<\/tr>\n<\/tbody>\n<\/table>\n\n\n\t\t<\/div>\n\t<\/div>\n<\/div><\/div><\/div><\/div><div class=\"vc_row wpb_row vc_row-fluid\"><div class=\"wpb_column vc_column_container vc_col-sm-12\"><div class=\"vc_column-inner\"><div class=\"wpb_wrapper\">\n\t<div class=\"wpb_text_column wpb_content_element\" >\n\t\t<div class=\"wpb_wrapper\">\n\t\t\t<p>Nous fournissons des services de haute qualit\u00e9 aux clients, avec une technologie de pointe, une excellente conception et des \u00e9chantillons gratuits, et fournissons un ensemble complet de services d&#039;importation et d&#039;exportation.<\/p>\n\n\t\t<\/div>\n\t<\/div>\n<\/div><\/div><\/div><\/div><div class=\"vc_row wpb_row vc_row-fluid\"><div class=\"wpb_column vc_column_container vc_col-sm-12\"><div class=\"vc_column-inner\"><div class=\"wpb_wrapper\">\n\t<div class=\"wpb_text_column wpb_content_element\" >\n\t\t<div class=\"wpb_wrapper\">\n\t\t\t\n\t\t<\/div>\n\t<\/div>\n<\/div><\/div><\/div><\/div><div class=\"vc_row wpb_row vc_row-fluid\"><div class=\"wpb_column vc_column_container vc_col-sm-12\"><div class=\"vc_column-inner\"><div class=\"wpb_wrapper\"><div id=\"ultimate-heading-136269f5f71cbf525\" class=\"uvc-heading ult-adjust-bottom-margin ultimate-heading-136269f5f71cbf525 uvc-7783  uvc-heading-default-font-sizes\" data-hspacer=\"no_spacer\"  data-halign=\"left\" style=\"text-align:left\"><div class=\"uvc-heading-spacer no_spacer\" style=\"top\"><\/div><div class=\"uvc-main-heading ult-responsive\"  data-ultimate-target='.uvc-heading.ultimate-heading-136269f5f71cbf525 h4'  data-responsive-json-new='{\"font-size\":\"\",\"line-height\":\"\"}' ><h4 style=\"--font-weight:theme;\">Maintenant vous pouvez:<\/h4><\/div><\/div><\/div><\/div><\/div><\/div><div class=\"vc_row wpb_row vc_row-fluid\"><div class=\"wpb_column vc_column_container vc_col-sm-12\"><div class=\"vc_column-inner\"><div class=\"wpb_wrapper\"><style type=\"text\/css\" data-type=\"the7_shortcodes-inline-css\">.shortcode-single-image-wrap.shortcode-single-image-789b906609c1f89991b4935267f5bb58.enable-bg-rollover .rollover i,\n.shortcode-single-image-wrap.shortcode-single-image-789b906609c1f89991b4935267f5bb58.enable-bg-rollover .rollover-video i {\n  background: ;\n  background: -webkit-linear-gradient();\n  background: linear-gradient();\n}\n.shortcode-single-image-wrap.shortcode-single-image-789b906609c1f89991b4935267f5bb58 .rollover-icon {\n  font-size: 32px;\n  color: #ffffff;\n  min-width: 44px;\n  min-height: 44px;\n  line-height: 44px;\n  border-radius: 100px;\n  border-style: solid;\n  border-width: 0px;\n}\n.dt-icon-bg-on.shortcode-single-image-wrap.shortcode-single-image-789b906609c1f89991b4935267f5bb58 .rollover-icon {\n  background: rgba(255,255,255,0.3);\n  box-shadow: none;\n}\n<\/style><div class=\"shortcode-single-image-wrap shortcode-single-image-789b906609c1f89991b4935267f5bb58 alignnone  enable-bg-rollover dt-icon-bg-off\" style=\"margin-top:0px; margin-bottom:0px; margin-left:0px; margin-right:0px; width:1000px;\"><div class=\"shortcode-single-image\"><div class=\"fancy-media-wrap\" style=\"\"><a href=\"https:\/\/www.aluimpact.com\/fr\/catalogue\/#038;orderby=date&#038;order=desc\" class=\"layzr-bg rollover\" style=\"\" target=\"_blank\" rel=\"noopener\" aria-label=\"Image\"><img loading=\"lazy\" decoding=\"async\" class=\"preload-me lazy-load\" src=\"data:image\/svg+xml,%3Csvg%20xmlns%3D&#39;http%3A%2F%2Fwww.w3.org%2F2000%2Fsvg&#39;%20viewBox%3D&#39;0%200%201000%20250&#39;%2F%3E\" data-src=\"https:\/\/www.aluimpact.com\/wp-content\/uploads\/2020\/06\/01-scaled-1000x250.jpg\" data-srcset=\"https:\/\/www.aluimpact.com\/wp-content\/uploads\/2020\/06\/01-scaled-1000x250.jpg 1000w, https:\/\/www.aluimpact.com\/wp-content\/uploads\/2020\/06\/01-scaled-2000x500.jpg 2000w\" width=\"1000\" height=\"250\"  data-dt-location=\"https:\/\/www.aluimpact.com\/fr\/01-2\/\" alt=\"\" \/><\/a><\/div><\/div><\/div><\/div><\/div><\/div><\/div><div class=\"vc_row wpb_row vc_row-fluid\"><div class=\"wpb_column vc_column_container vc_col-sm-12\"><div class=\"vc_column-inner\"><div class=\"wpb_wrapper\">\n\t<div class=\"wpb_text_column wpb_content_element\" >\n\t\t<div class=\"wpb_wrapper\">\n\t\t\t\n\t\t<\/div>\n\t<\/div>\n<div id=\"ultimate-heading-664569f5f71cbfb6c\" class=\"uvc-heading ult-adjust-bottom-margin ultimate-heading-664569f5f71cbfb6c uvc-4024  uvc-heading-default-font-sizes\" data-hspacer=\"no_spacer\"  data-halign=\"left\" style=\"text-align:left\"><div class=\"uvc-heading-spacer no_spacer\" style=\"top\"><\/div><div class=\"uvc-main-heading ult-responsive\"  data-ultimate-target='.uvc-heading.ultimate-heading-664569f5f71cbfb6c h4'  data-responsive-json-new='{\"font-size\":\"\",\"line-height\":\"\"}' ><h4 style=\"--font-weight:theme;\">Ou:<\/h4><\/div><\/div><\/div><\/div><\/div><\/div><div class=\"vc_row wpb_row vc_row-fluid\"><div class=\"wpb_column vc_column_container vc_col-sm-12\"><div class=\"vc_column-inner\"><div class=\"wpb_wrapper\"><section class=\"vc_cta3-container\"><div class=\"vc_general vc_cta3 vc_cta3-style-classic vc_cta3-shape-rounded vc_cta3-align-left vc_cta3-color-classic vc_cta3-icon-size-md vc_cta3-actions-right\"><div class=\"vc_cta3_content-container\"><div class=\"vc_cta3-content\"><header class=\"vc_cta3-content-header\"><h2>Consultez-nous directement<\/h2><\/header><p>Laissez-nous le message, demandez des informations pertinentes sur le produit ou envoyez une demande. Nous vous r\u00e9pondrons d\u00e8s que possible.<\/p>\n<\/div><div class=\"vc_cta3-actions\"><div class=\"vc_btn3-container vc_btn3-right\" ><a class=\"vc_general vc_btn3 vc_btn3-size-lg vc_btn3-shape-rounded vc_btn3-style-modern vc_btn3-color-danger\" href=\"https:\/\/www.aluimpact.com\/fr\/contactez\/\" title=\"\">Nous contacter<\/a><\/div><\/div><\/div><\/div><\/section><\/div><\/div><\/div><\/div>","protected":false},"excerpt":{"rendered":"<p>Fuel Filter Fuel filter is located in the fuel line of internal combustion engines, which can screen out dirt and rust particles from the fuel, and is normally made into cartridges containing a filter paper. Generally, fuel filters need to be replaced regularly, because long-term filters may become clogged with contaminants and cause a restriction&hellip;<\/p>","protected":false},"author":1,"featured_media":0,"parent":1183,"menu_order":0,"comment_status":"closed","ping_status":"closed","template":"","meta":[],"class_list":["post-1878","page","type-page","status-publish","hentry","description-off"],"aioseo_notices":[],"_links":{"self":[{"href":"https:\/\/www.aluimpact.com\/fr\/wp-json\/wp\/v2\/pages\/1878","targetHints":{"allow":["GET"]}}],"collection":[{"href":"https:\/\/www.aluimpact.com\/fr\/wp-json\/wp\/v2\/pages"}],"about":[{"href":"https:\/\/www.aluimpact.com\/fr\/wp-json\/wp\/v2\/types\/page"}],"author":[{"embeddable":true,"href":"https:\/\/www.aluimpact.com\/fr\/wp-json\/wp\/v2\/users\/1"}],"replies":[{"embeddable":true,"href":"https:\/\/www.aluimpact.com\/fr\/wp-json\/wp\/v2\/comments?post=1878"}],"version-history":[{"count":29,"href":"https:\/\/www.aluimpact.com\/fr\/wp-json\/wp\/v2\/pages\/1878\/revisions"}],"predecessor-version":[{"id":2369,"href":"https:\/\/www.aluimpact.com\/fr\/wp-json\/wp\/v2\/pages\/1878\/revisions\/2369"}],"up":[{"embeddable":true,"href":"https:\/\/www.aluimpact.com\/fr\/wp-json\/wp\/v2\/pages\/1183"}],"wp:attachment":[{"href":"https:\/\/www.aluimpact.com\/fr\/wp-json\/wp\/v2\/media?parent=1878"}],"curies":[{"name":"wp","href":"https:\/\/api.w.org\/{rel}","templated":true}]}}