{"id":1695,"date":"2020-04-07T08:59:33","date_gmt":"2020-04-07T08:59:33","guid":{"rendered":"http:\/\/www.aluimpact.com\/?page_id=1695"},"modified":"2020-07-14T05:18:05","modified_gmt":"2020-07-14T05:18:05","slug":"aluminum-sealant-cartridge","status":"publish","type":"page","link":"https:\/\/www.aluimpact.com\/fr\/produit\/emballage\/cartouche-de-scellant-en-aluminium\/","title":{"rendered":"Cartouche de mastic en aluminium"},"content":{"rendered":"<div class=\"vc_row wpb_row vc_row-fluid\"><div class=\"wpb_column vc_column_container vc_col-sm-12\"><div class=\"vc_column-inner\"><div class=\"wpb_wrapper\"><style type=\"text\/css\" data-type=\"the7_shortcodes-inline-css\">.shortcode-single-image-wrap.shortcode-single-image-b993022b7069af6ad7018b55737cd8b7.enable-bg-rollover .rollover i,\n.shortcode-single-image-wrap.shortcode-single-image-b993022b7069af6ad7018b55737cd8b7.enable-bg-rollover .rollover-video i {\n  background: ;\n  background: -webkit-linear-gradient();\n  background: linear-gradient();\n}\n.shortcode-single-image-wrap.shortcode-single-image-b993022b7069af6ad7018b55737cd8b7 .rollover-icon {\n  font-size: 32px;\n  color: #ffffff;\n  min-width: 44px;\n  min-height: 44px;\n  line-height: 44px;\n  border-radius: 100px;\n  border-style: solid;\n  border-width: 0px;\n}\n.dt-icon-bg-on.shortcode-single-image-wrap.shortcode-single-image-b993022b7069af6ad7018b55737cd8b7 .rollover-icon {\n  background: rgba(255,255,255,0.3);\n  box-shadow: none;\n}\n<\/style><div class=\"shortcode-single-image-wrap shortcode-single-image-b993022b7069af6ad7018b55737cd8b7 alignnone  enable-bg-rollover dt-icon-bg-off\" style=\"margin-top:0px; margin-bottom:0px; margin-left:0px; margin-right:0px; width:1000px;\"><div class=\"shortcode-single-image\"><div class=\"fancy-media-wrap  layzr-bg\" style=\"\"><img loading=\"lazy\" decoding=\"async\" class=\"preload-me lazy-load\" src=\"data:image\/svg+xml,%3Csvg%20xmlns%3D&#39;http%3A%2F%2Fwww.w3.org%2F2000%2Fsvg&#39;%20viewBox%3D&#39;0%200%201000%20333&#39;%2F%3E\" data-src=\"https:\/\/www.aluimpact.com\/wp-content\/uploads\/2020\/06\/DSC_1764-2-1000x333.jpg\" data-srcset=\"https:\/\/www.aluimpact.com\/wp-content\/uploads\/2020\/06\/DSC_1764-2-1000x333.jpg 1000w, https:\/\/www.aluimpact.com\/wp-content\/uploads\/2020\/06\/DSC_1764-2.jpg 2000w\" width=\"1000\" height=\"333\"  data-dt-location=\"https:\/\/www.aluimpact.com\/fr\/produit\/emballage\/cartouche-de-scellant-en-aluminium\/dsc_1764-3\/\" style=\"\" alt=\"\" \/><\/div><\/div><\/div>\n\t<div class=\"wpb_text_column wpb_content_element\" >\n\t\t<div class=\"wpb_wrapper\">\n\t\t\t\n\t\t<\/div>\n\t<\/div>\n<div id=\"ultimate-heading-873669f5f700c3f7e\" class=\"uvc-heading ult-adjust-bottom-margin ultimate-heading-873669f5f700c3f7e uvc-4679  uvc-heading-default-font-sizes\" data-hspacer=\"no_spacer\"  data-halign=\"left\" style=\"text-align:left\"><div class=\"uvc-heading-spacer no_spacer\" style=\"top\"><\/div><div class=\"uvc-main-heading ult-responsive\"  data-ultimate-target='.uvc-heading.ultimate-heading-873669f5f700c3f7e h2'  data-responsive-json-new='{\"font-size\":\"\",\"line-height\":\"\"}' ><h2 style=\"--font-weight:theme;\">Cartouche de mastic en aluminium<\/h2><\/div><\/div>\n\t<div class=\"wpb_text_column wpb_content_element\" >\n\t\t<div class=\"wpb_wrapper\">\n\t\t\t\n\t\t<\/div>\n\t<\/div>\n\n\t<div class=\"wpb_text_column wpb_content_element\" >\n\t\t<div class=\"wpb_wrapper\">\n\t\t\t<p>Ces cartouches de mastic sont en aluminium pur. Apr\u00e8s un traitement et un rev\u00eatement interne appropri\u00e9s, il pr\u00e9sente une excellente r\u00e9sistance aux chocs, \u00e0 la perforation, aux produits chimiques et \u00e0 la lumi\u00e8re ultraviolette, et peut \u00eatre recyclable 100%.<\/p>\n<p>Notre \u00e9quipe QC est exp\u00e9riment\u00e9e et effectue des inspections de qualit\u00e9 strictes, ce qui nous permet de fournir syst\u00e9matiquement des cartouches de mastic en aluminium de haute qualit\u00e9.<\/p>\n\n\t\t<\/div>\n\t<\/div>\n\n\t<div class=\"wpb_text_column wpb_content_element\" >\n\t\t<div class=\"wpb_wrapper\">\n\t\t\t<p>G\u00e9n\u00e9ralement, ils peuvent \u00eatre utilis\u00e9s pour maintenir du mastic, de la colle polyur\u00e9thane, du polyur\u00e9thane hybride, etc.<\/p>\n<p>Nos cartouches de mastic en aluminium ont pass\u00e9 les approbations SGS et LFGB et la surface a \u00e9t\u00e9 finie avec un polissage ou une impression offset 1-9 couleurs.<\/p>\n\n\t\t<\/div>\n\t<\/div>\n\n\t<div class=\"wpb_text_column wpb_content_element\" >\n\t\t<div class=\"wpb_wrapper\">\n\t\t\t<h4><strong>Les dimensions sp\u00e9cifiques de nos produits sont les suivantes :<\/strong><\/h4>\n\n\t\t<\/div>\n\t<\/div>\n<\/div><\/div><\/div><\/div><div class=\"vc_row wpb_row vc_row-fluid\"><div class=\"wpb_column vc_column_container vc_col-sm-6\"><div class=\"vc_column-inner\"><div class=\"wpb_wrapper\"><div id=\"ultimate-heading-172769f5f700c4369\" class=\"uvc-heading ult-adjust-bottom-margin ultimate-heading-172769f5f700c4369 uvc-7209  uvc-heading-default-font-sizes\" data-hspacer=\"no_spacer\"  data-halign=\"left\" style=\"text-align:left\"><div class=\"uvc-heading-spacer no_spacer\" style=\"top\"><\/div><div class=\"uvc-main-heading ult-responsive\"  data-ultimate-target='.uvc-heading.ultimate-heading-172769f5f700c4369 h4'  data-responsive-json-new='{\"font-size\":\"\",\"line-height\":\"\"}' ><h4 style=\"--font-weight:theme;\">Cartouche de mastic en aluminium<\/h4><\/div><\/div><style type=\"text\/css\" data-type=\"the7_shortcodes-inline-css\">.shortcode-single-image-wrap.shortcode-single-image-7449fa11cc0d9a9527fc4b2422d81bf3.enable-bg-rollover .rollover i,\n.shortcode-single-image-wrap.shortcode-single-image-7449fa11cc0d9a9527fc4b2422d81bf3.enable-bg-rollover .rollover-video i {\n  background: ;\n  background: -webkit-linear-gradient();\n  background: linear-gradient();\n}\n.shortcode-single-image-wrap.shortcode-single-image-7449fa11cc0d9a9527fc4b2422d81bf3 .rollover-icon {\n  font-size: 32px;\n  color: #ffffff;\n  min-width: 44px;\n  min-height: 44px;\n  line-height: 44px;\n  border-radius: 100px;\n  border-style: solid;\n  border-width: 0px;\n}\n.dt-icon-bg-on.shortcode-single-image-wrap.shortcode-single-image-7449fa11cc0d9a9527fc4b2422d81bf3 .rollover-icon {\n  background: rgba(255,255,255,0.3);\n  box-shadow: none;\n}\n<\/style><div class=\"shortcode-single-image-wrap shortcode-single-image-7449fa11cc0d9a9527fc4b2422d81bf3 alignnone  enable-bg-rollover dt-icon-bg-off\" style=\"margin-top:0px; margin-bottom:0px; margin-left:0px; margin-right:0px; width:500px;\"><div class=\"shortcode-single-image\"><div class=\"fancy-media-wrap  layzr-bg\" style=\"\"><img loading=\"lazy\" decoding=\"async\" class=\"preload-me lazy-load\" src=\"data:image\/svg+xml,%3Csvg%20xmlns%3D&#39;http%3A%2F%2Fwww.w3.org%2F2000%2Fsvg&#39;%20viewBox%3D&#39;0%200%20500%20357&#39;%2F%3E\" data-src=\"https:\/\/www.aluimpact.com\/wp-content\/uploads\/2020\/07\/DSC_176546464-scaled-500x357.jpg\" data-srcset=\"https:\/\/www.aluimpact.com\/wp-content\/uploads\/2020\/07\/DSC_176546464-scaled-500x357.jpg 500w, https:\/\/www.aluimpact.com\/wp-content\/uploads\/2020\/07\/DSC_176546464-scaled-1000x714.jpg 1000w\" width=\"500\" height=\"357\"  data-dt-location=\"https:\/\/www.aluimpact.com\/fr\/produit\/emballage\/cartouche-de-scellant-en-aluminium\/dsc_176546464\/\" style=\"\" alt=\"\" \/><\/div><\/div><\/div>\n\t<div class=\"wpb_text_column wpb_content_element\" >\n\t\t<div class=\"wpb_wrapper\">\n\t\t\t<table width=\"195\">\n<tbody>\n<tr>\n<td width=\"101\">Diam\u00e8tre (mm)<\/td>\n<td width=\"94\">46.8<\/td>\n<\/tr>\n<tr>\n<td width=\"101\">Hauteur (mm)<\/td>\n<td width=\"94\">215<\/td>\n<\/tr>\n<tr>\n<td width=\"101\">Mat\u00e9riaux communs<\/td>\n<td width=\"94\">Aluminium pur<\/td>\n<\/tr>\n<tr>\n<td width=\"101\">Fils disponibles<\/td>\n<td width=\"94\">M15x2.5, M15x1.5, M20x2.5, M20x1.5, M22x2.0<\/td>\n<\/tr>\n<\/tbody>\n<\/table>\n\n\t\t<\/div>\n\t<\/div>\n<\/div><\/div><\/div><div class=\"wpb_column vc_column_container vc_col-sm-6\"><div class=\"vc_column-inner\"><div class=\"wpb_wrapper\"><\/div><\/div><\/div><\/div><div class=\"vc_row wpb_row vc_row-fluid\"><div class=\"wpb_column vc_column_container vc_col-sm-12\"><div class=\"vc_column-inner\"><div class=\"wpb_wrapper\">\n\t<div class=\"wpb_text_column wpb_content_element\" >\n\t\t<div class=\"wpb_wrapper\">\n\t\t\t<p>Nous fournissons des services de haute qualit\u00e9 aux clients, avec une technologie de pointe, une excellente conception et des \u00e9chantillons gratuits, et fournissons un ensemble complet de services d&#039;importation et d&#039;exportation.<\/p>\n\n\t\t<\/div>\n\t<\/div>\n<\/div><\/div><\/div><\/div><div class=\"vc_row wpb_row vc_row-fluid\"><div class=\"wpb_column vc_column_container vc_col-sm-12\"><div class=\"vc_column-inner\"><div class=\"wpb_wrapper\">\n\t<div class=\"wpb_text_column wpb_content_element\" >\n\t\t<div class=\"wpb_wrapper\">\n\t\t\t\n\t\t<\/div>\n\t<\/div>\n<\/div><\/div><\/div><\/div><div class=\"vc_row wpb_row vc_row-fluid\"><div class=\"wpb_column vc_column_container vc_col-sm-12\"><div class=\"vc_column-inner\"><div class=\"wpb_wrapper\"><div id=\"ultimate-heading-772269f5f700c4bd2\" class=\"uvc-heading ult-adjust-bottom-margin ultimate-heading-772269f5f700c4bd2 uvc-9586  uvc-heading-default-font-sizes\" data-hspacer=\"no_spacer\"  data-halign=\"left\" style=\"text-align:left\"><div class=\"uvc-heading-spacer no_spacer\" style=\"top\"><\/div><div class=\"uvc-main-heading ult-responsive\"  data-ultimate-target='.uvc-heading.ultimate-heading-772269f5f700c4bd2 h4'  data-responsive-json-new='{\"font-size\":\"\",\"line-height\":\"\"}' ><h4 style=\"--font-weight:theme;\">Maintenant vous pouvez<\/h4><\/div><\/div><\/div><\/div><\/div><\/div><div class=\"vc_row wpb_row vc_row-fluid\"><div class=\"wpb_column vc_column_container vc_col-sm-12\"><div class=\"vc_column-inner\"><div class=\"wpb_wrapper\"><style type=\"text\/css\" data-type=\"the7_shortcodes-inline-css\">.shortcode-single-image-wrap.shortcode-single-image-a9b14456e7c3cd34d29903946104a011.enable-bg-rollover .rollover i,\n.shortcode-single-image-wrap.shortcode-single-image-a9b14456e7c3cd34d29903946104a011.enable-bg-rollover .rollover-video i {\n  background: ;\n  background: -webkit-linear-gradient();\n  background: linear-gradient();\n}\n.shortcode-single-image-wrap.shortcode-single-image-a9b14456e7c3cd34d29903946104a011 .rollover-icon {\n  font-size: 32px;\n  color: #ffffff;\n  min-width: 44px;\n  min-height: 44px;\n  line-height: 44px;\n  border-radius: 100px;\n  border-style: solid;\n  border-width: 0px;\n}\n.dt-icon-bg-on.shortcode-single-image-wrap.shortcode-single-image-a9b14456e7c3cd34d29903946104a011 .rollover-icon {\n  background: rgba(255,255,255,0.3);\n  box-shadow: none;\n}\n<\/style><div class=\"shortcode-single-image-wrap shortcode-single-image-a9b14456e7c3cd34d29903946104a011 alignnone  enable-bg-rollover dt-icon-bg-off\" style=\"margin-top:0px; margin-bottom:0px; margin-left:0px; margin-right:0px; width:1000px;\"><div class=\"shortcode-single-image\"><div class=\"fancy-media-wrap\" style=\"\"><a href=\"https:\/\/www.aluimpact.com\/fr\/catalogue\/#038;orderby=date&#038;order=desc\" class=\"layzr-bg rollover\" style=\"\" aria-label=\"Image\"><img loading=\"lazy\" decoding=\"async\" class=\"preload-me lazy-load\" src=\"data:image\/svg+xml,%3Csvg%20xmlns%3D&#39;http%3A%2F%2Fwww.w3.org%2F2000%2Fsvg&#39;%20viewBox%3D&#39;0%200%201000%20250&#39;%2F%3E\" data-src=\"https:\/\/www.aluimpact.com\/wp-content\/uploads\/2020\/06\/08-scaled-1000x250.jpg\" data-srcset=\"https:\/\/www.aluimpact.com\/wp-content\/uploads\/2020\/06\/08-scaled-1000x250.jpg 1000w, https:\/\/www.aluimpact.com\/wp-content\/uploads\/2020\/06\/08-scaled-2000x500.jpg 2000w\" width=\"1000\" height=\"250\"  data-dt-location=\"https:\/\/www.aluimpact.com\/fr\/08\/\" alt=\"\" \/><\/a><\/div><\/div><\/div><\/div><\/div><\/div><\/div><div class=\"vc_row wpb_row vc_row-fluid\"><div class=\"wpb_column vc_column_container vc_col-sm-12\"><div class=\"vc_column-inner\"><div class=\"wpb_wrapper\">\n\t<div class=\"wpb_text_column wpb_content_element\" >\n\t\t<div class=\"wpb_wrapper\">\n\t\t\t\n\t\t<\/div>\n\t<\/div>\n<div id=\"ultimate-heading-792069f5f700c5132\" class=\"uvc-heading ult-adjust-bottom-margin ultimate-heading-792069f5f700c5132 uvc-6483  uvc-heading-default-font-sizes\" data-hspacer=\"no_spacer\"  data-halign=\"left\" style=\"text-align:left\"><div class=\"uvc-heading-spacer no_spacer\" style=\"top\"><\/div><div class=\"uvc-main-heading ult-responsive\"  data-ultimate-target='.uvc-heading.ultimate-heading-792069f5f700c5132 h4'  data-responsive-json-new='{\"font-size\":\"\",\"line-height\":\"\"}' ><h4 style=\"--font-weight:theme;\">Ou<\/h4><\/div><\/div><\/div><\/div><\/div><\/div><div class=\"vc_row wpb_row vc_row-fluid\"><div class=\"wpb_column vc_column_container vc_col-sm-12\"><div class=\"vc_column-inner\"><div class=\"wpb_wrapper\"><section class=\"vc_cta3-container\"><div class=\"vc_general vc_cta3 vc_cta3-style-classic vc_cta3-shape-rounded vc_cta3-align-left vc_cta3-color-classic vc_cta3-icon-size-md vc_cta3-actions-right\"><div class=\"vc_cta3_content-container\"><div class=\"vc_cta3-content\"><header class=\"vc_cta3-content-header\"><h2>Consultez-nous directement<\/h2><\/header><p>Laissez-nous le message, demandez des informations pertinentes sur le produit ou envoyez une demande. Nous vous r\u00e9pondrons d\u00e8s que possible.<\/p>\n<\/div><div class=\"vc_cta3-actions\"><div class=\"vc_btn3-container vc_btn3-right\" ><a class=\"vc_general vc_btn3 vc_btn3-size-lg vc_btn3-shape-rounded vc_btn3-style-modern vc_btn3-color-danger\" href=\"https:\/\/www.aluimpact.com\/fr\/contactez\/\" title=\"\">Nous contacter<\/a><\/div><\/div><\/div><\/div><\/section><\/div><\/div><\/div><\/div>","protected":false},"excerpt":{"rendered":"<p>Aluminum Sealant Cartridge These sealant cartridges are made of pure aluminum. After proper processing and internal coating, it has excellent impact resistance, puncture resistance, chemical and ultraviolet light resistance, and can be 100% recyclable. Our QC team is experienced, and performs strict quality inspections, allowing us to consistently deliver high-quality aluminum sealant cartridges. Generally, they&hellip;<\/p>","protected":false},"author":1,"featured_media":0,"parent":1532,"menu_order":0,"comment_status":"closed","ping_status":"closed","template":"","meta":[],"class_list":["post-1695","page","type-page","status-publish","hentry","description-off"],"aioseo_notices":[],"_links":{"self":[{"href":"https:\/\/www.aluimpact.com\/fr\/wp-json\/wp\/v2\/pages\/1695","targetHints":{"allow":["GET"]}}],"collection":[{"href":"https:\/\/www.aluimpact.com\/fr\/wp-json\/wp\/v2\/pages"}],"about":[{"href":"https:\/\/www.aluimpact.com\/fr\/wp-json\/wp\/v2\/types\/page"}],"author":[{"embeddable":true,"href":"https:\/\/www.aluimpact.com\/fr\/wp-json\/wp\/v2\/users\/1"}],"replies":[{"embeddable":true,"href":"https:\/\/www.aluimpact.com\/fr\/wp-json\/wp\/v2\/comments?post=1695"}],"version-history":[{"count":11,"href":"https:\/\/www.aluimpact.com\/fr\/wp-json\/wp\/v2\/pages\/1695\/revisions"}],"predecessor-version":[{"id":2707,"href":"https:\/\/www.aluimpact.com\/fr\/wp-json\/wp\/v2\/pages\/1695\/revisions\/2707"}],"up":[{"embeddable":true,"href":"https:\/\/www.aluimpact.com\/fr\/wp-json\/wp\/v2\/pages\/1532"}],"wp:attachment":[{"href":"https:\/\/www.aluimpact.com\/fr\/wp-json\/wp\/v2\/media?parent=1695"}],"curies":[{"name":"wp","href":"https:\/\/api.w.org\/{rel}","templated":true}]}}