{"id":1183,"date":"2020-01-11T19:15:44","date_gmt":"2020-01-11T19:15:44","guid":{"rendered":"https:\/\/the7.io\/construction\/?page_id=1183"},"modified":"2020-07-10T08:57:48","modified_gmt":"2020-07-10T08:57:48","slug":"automotive-industry","status":"publish","type":"page","link":"https:\/\/www.aluimpact.com\/fr\/produit\/industrie-automobile\/","title":{"rendered":"Industrie automobile"},"content":{"rendered":"<div class=\"vc_row wpb_row vc_row-fluid\"><div class=\"wpb_column vc_column_container vc_col-sm-12\"><div class=\"vc_column-inner\"><div class=\"wpb_wrapper\"><style type=\"text\/css\" data-type=\"the7_shortcodes-inline-css\">.shortcode-single-image-wrap.shortcode-single-image-0b6cc8e05cf20ee395552a9ca2178dbd.enable-bg-rollover .rollover i,\n.shortcode-single-image-wrap.shortcode-single-image-0b6cc8e05cf20ee395552a9ca2178dbd.enable-bg-rollover .rollover-video i {\n  background: ;\n  background: -webkit-linear-gradient();\n  background: linear-gradient();\n}\n.shortcode-single-image-wrap.shortcode-single-image-0b6cc8e05cf20ee395552a9ca2178dbd .rollover-icon {\n  font-size: 32px;\n  color: #ffffff;\n  min-width: 44px;\n  min-height: 44px;\n  line-height: 44px;\n  border-radius: 100px;\n  border-style: solid;\n  border-width: 0px;\n}\n.dt-icon-bg-on.shortcode-single-image-wrap.shortcode-single-image-0b6cc8e05cf20ee395552a9ca2178dbd .rollover-icon {\n  background: rgba(255,255,255,0.3);\n  box-shadow: none;\n}\n<\/style><div class=\"shortcode-single-image-wrap shortcode-single-image-0b6cc8e05cf20ee395552a9ca2178dbd alignnone  enable-bg-rollover dt-icon-bg-off\" style=\"margin-top:0px; margin-bottom:0px; margin-left:0px; margin-right:0px; width:1000px;\"><div class=\"shortcode-single-image\"><div class=\"fancy-media-wrap  layzr-bg\" style=\"\"><img loading=\"lazy\" decoding=\"async\" class=\"preload-me lazy-load\" src=\"data:image\/svg+xml,%3Csvg%20xmlns%3D&#39;http%3A%2F%2Fwww.w3.org%2F2000%2Fsvg&#39;%20viewBox%3D&#39;0%200%201000%20333&#39;%2F%3E\" data-src=\"https:\/\/www.aluimpact.com\/wp-content\/uploads\/2020\/06\/automotive-02-6000x2000-1-scaled-1000x333.jpg\" data-srcset=\"https:\/\/www.aluimpact.com\/wp-content\/uploads\/2020\/06\/automotive-02-6000x2000-1-scaled-1000x333.jpg 1000w, https:\/\/www.aluimpact.com\/wp-content\/uploads\/2020\/06\/automotive-02-6000x2000-1-scaled-2000x666.jpg 2000w\" width=\"1000\" height=\"333\"  data-dt-location=\"https:\/\/www.aluimpact.com\/fr\/produit\/industrie-automobile\/automotive-02-6000x2000\/\" style=\"\" alt=\"\" \/><\/div><\/div><\/div>\n\t<div class=\"wpb_text_column wpb_content_element\" >\n\t\t<div class=\"wpb_wrapper\">\n\t\t\t\n\t\t<\/div>\n\t<\/div>\n<div id=\"ultimate-heading-470869f5f6ff54f8e\" class=\"uvc-heading ult-adjust-bottom-margin ultimate-heading-470869f5f6ff54f8e uvc-5419  uvc-heading-default-font-sizes\" data-hspacer=\"no_spacer\"  data-halign=\"center\" style=\"text-align:center\"><div class=\"uvc-heading-spacer no_spacer\" style=\"top\"><\/div><div class=\"uvc-main-heading ult-responsive\"  data-ultimate-target='.uvc-heading.ultimate-heading-470869f5f6ff54f8e h2'  data-responsive-json-new='{\"font-size\":\"\",\"line-height\":\"\"}' ><h2 style=\"--font-weight:theme;\">Industrie automobile<\/h2><\/div><\/div>\n\t<div class=\"wpb_text_column wpb_content_element\" >\n\t\t<div class=\"wpb_wrapper\">\n\t\t\t\n\t\t<\/div>\n\t<\/div>\n\n\t<div class=\"wpb_text_column wpb_content_element\" >\n\t\t<div class=\"wpb_wrapper\">\n\t\t\t<p style=\"layout-grid-mode: char; background: white;\"><span lang=\"EN-US\" style=\"font-size: 10.0pt; font-family: 'Arial',sans-serif; color: black;\">Il est certain que dans la fabrication de v\u00e9hicules automobiles et connexes, l&#039;utilisation de pi\u00e8ces en aluminium au lieu de pi\u00e8ces en acier peut r\u00e9duire efficacement le poids tout en garantissant les exigences de r\u00e9sistance, et pr\u00e9sente des avantages de co\u00fbt significatifs.<\/span><\/p>\n<p style=\"text-align: justify; text-justify: inter-ideograph; layout-grid-mode: char; background: white; margin: 0cm 0cm 7.5pt 0cm;\"><span lang=\"EN-US\" style=\"font-size: 10.0pt; font-family: 'Arial',sans-serif; color: black;\">En fait, l&#039;extrusion par impact, lorsqu&#039;elle est correctement effectu\u00e9e, produit des pi\u00e8ces en aluminium comparables \u00e0 l&#039;acier en termes de durabilit\u00e9, de r\u00e9sistance et de qualit\u00e9 globale. Et l&#039;avantage de poids des mat\u00e9riaux en aluminium et la rentabilit\u00e9 des pi\u00e8ces de produits en aluminium elles-m\u00eames sont in\u00e9gal\u00e9es par d&#039;autres mat\u00e9riaux. Avec les nouvelles normes d&#039;efficacit\u00e9 qui se profilent, la m\u00e9thode importante par laquelle les fabricants atteignent les objectifs d&#039;\u00e9conomie de carburant consiste \u00e0 r\u00e9duire le poids brut du v\u00e9hicule.<\/span><\/p>\n\n\t\t<\/div>\n\t<\/div>\n\n\t<div class=\"wpb_text_column wpb_content_element\" >\n\t\t<div class=\"wpb_wrapper\">\n\t\t\t<p style=\"text-align: justify; text-justify: inter-ideograph; layout-grid-mode: char; background: white; margin: 0cm 0cm 7.5pt 0cm;\"><span lang=\"EN-US\" style=\"font-size: 10.0pt; font-family: 'Arial',sans-serif; color: black;\">China Aluminium Impact Extrusion CO., LTD du centre industriel chinois - la r\u00e9gion du delta du Yangts\u00e9, fournit au monde plusieurs types de pi\u00e8ces automobiles en aluminium bas\u00e9es sur la technologie d&#039;extrusion d&#039;aluminium, notamment\u00a0:<\/span><\/p>\n\n\t\t<\/div>\n\t<\/div>\n\n\t<div class=\"wpb_text_column wpb_content_element\" >\n\t\t<div class=\"wpb_wrapper\">\n\t\t\t<ul>\n<li>Composant du filtre \u00e0 carburant<\/li>\n<li>Bo\u00eetiers en aluminium pour filtre \u00e0 carburant<\/li>\n<li>Bo\u00eetiers en aluminium pour pompe \u00e0 carburant<\/li>\n<li>Bo\u00eetiers de silencieux pour syst\u00e8me de climatisation automobile<\/li>\n<li>Tout autre composant en aluminium extrud\u00e9 pour l&#039;automobile<\/li>\n<\/ul>\n\n\t\t<\/div>\n\t<\/div>\n<\/div><\/div><\/div><\/div><div class=\"vc_row wpb_row vc_row-fluid\"><div class=\"wpb_column vc_column_container vc_col-sm-4\"><div class=\"vc_column-inner\"><div class=\"wpb_wrapper\"><div class=\"vc-hoverbox-wrapper  vc-hoverbox-shape--rounded vc-hoverbox-align--center vc-hoverbox-direction--default vc-hoverbox-width--100\"  ontouchstart=\"\">\n  <div class=\"vc-hoverbox\">\n    <div class=\"vc-hoverbox-inner\">\n      <div class=\"vc-hoverbox-block vc-hoverbox-front\" style=\"background-image: url(https:\/\/www.aluimpact.com\/wp-content\/uploads\/2020\/06\/fuel-filter-1024x1024.jpg);\">\n        <div class=\"vc-hoverbox-block-inner vc-hoverbox-front-inner\">\n            \n        <\/div>\n      <\/div>\n      <div class=\"vc-hoverbox-block vc-hoverbox-back\" style=\"background-color: #ebebeb;\">\n        <div class=\"vc-hoverbox-block-inner vc-hoverbox-back-inner\">\n            <h2 style=\"text-align:center\">Composant ind\u00e9pendant du filtre \u00e0 carburant<\/h2>\n            <p><a href=\"https:\/\/www.aluimpact.com\/fr\/produit\/industrie-automobile\/filtre-a-carburant\/\">Cliquez ici<\/a><\/p>\n<p>Pour en savoir plus sur ce produit et nous contacter<\/p>\n\n            \n        <\/div>\n      <\/div>\n    <\/div>\n  <\/div>\n<\/div><\/div><\/div><\/div><div class=\"wpb_column vc_column_container vc_col-sm-4\"><div class=\"vc_column-inner\"><div class=\"wpb_wrapper\"><div class=\"vc-hoverbox-wrapper  vc-hoverbox-shape--rounded vc-hoverbox-align--center vc-hoverbox-direction--default vc-hoverbox-width--100\"  ontouchstart=\"\">\n  <div class=\"vc-hoverbox\">\n    <div class=\"vc-hoverbox-inner\">\n      <div class=\"vc-hoverbox-block vc-hoverbox-front\" style=\"background-image: url(https:\/\/www.aluimpact.com\/wp-content\/uploads\/2020\/06\/DSC_1718-1024x1024.jpg);\">\n        <div class=\"vc-hoverbox-block-inner vc-hoverbox-front-inner\">\n            \n        <\/div>\n      <\/div>\n      <div class=\"vc-hoverbox-block vc-hoverbox-back\" style=\"background-color: #ebebeb;\">\n        <div class=\"vc-hoverbox-block-inner vc-hoverbox-back-inner\">\n            <h2 style=\"text-align:center\">Bo\u00eetiers en aluminium pour filtre \u00e0 carburant<\/h2>\n            <p><a href=\"https:\/\/www.aluimpact.com\/fr\/produit\/industrie-automobile\/filtre-a-carburant\/\">Cliquez ici<\/a><\/p>\n<p>Pour en savoir plus sur ce produit et nous contacter<\/p>\n\n            \n        <\/div>\n      <\/div>\n    <\/div>\n  <\/div>\n<\/div><\/div><\/div><\/div><div class=\"wpb_column vc_column_container vc_col-sm-4\"><div class=\"vc_column-inner\"><div class=\"wpb_wrapper\"><div class=\"vc-hoverbox-wrapper  vc-hoverbox-shape--rounded vc-hoverbox-align--center vc-hoverbox-direction--default vc-hoverbox-width--100\"  ontouchstart=\"\">\n  <div class=\"vc-hoverbox\">\n    <div class=\"vc-hoverbox-inner\">\n      <div class=\"vc-hoverbox-block vc-hoverbox-front\" style=\"background-image: url(https:\/\/www.aluimpact.com\/wp-content\/uploads\/2020\/06\/Fuel-pump-housing65454.jpg);\">\n        <div class=\"vc-hoverbox-block-inner vc-hoverbox-front-inner\">\n            \n        <\/div>\n      <\/div>\n      <div class=\"vc-hoverbox-block vc-hoverbox-back\" style=\"background-color: #ebebeb;\">\n        <div class=\"vc-hoverbox-block-inner vc-hoverbox-back-inner\">\n            <h2 style=\"text-align:center\">Bo\u00eetiers en aluminium pour pompe \u00e0 carburant<\/h2>\n            <p><a href=\"https:\/\/www.aluimpact.com\/fr\/produit\/industrie-automobile\/boitiers-en-aluminium-pour-pompe-a-carburant-electrique\/\">Cliquez ici<\/a><\/p>\n<p>Pour en savoir plus sur ce produit et nous contacter<\/p>\n\n            \n        <\/div>\n      <\/div>\n    <\/div>\n  <\/div>\n<\/div><\/div><\/div><\/div><\/div><div class=\"vc_row wpb_row vc_row-fluid\"><div class=\"wpb_column vc_column_container vc_col-sm-12\"><div class=\"vc_column-inner\"><div class=\"wpb_wrapper\">\n\t<div class=\"wpb_text_column wpb_content_element\" >\n\t\t<div class=\"wpb_wrapper\">\n\t\t\t\n\t\t<\/div>\n\t<\/div>\n<\/div><\/div><\/div><\/div><div class=\"vc_row wpb_row vc_row-fluid\"><div class=\"wpb_column vc_column_container vc_col-sm-4\"><div class=\"vc_column-inner\"><div class=\"wpb_wrapper\"><div class=\"vc-hoverbox-wrapper  vc-hoverbox-shape--rounded vc-hoverbox-align--center vc-hoverbox-direction--default vc-hoverbox-width--100\"  ontouchstart=\"\">\n  <div class=\"vc-hoverbox\">\n    <div class=\"vc-hoverbox-inner\">\n      <div class=\"vc-hoverbox-block vc-hoverbox-front\" style=\"background-image: url(https:\/\/www.aluimpact.com\/wp-content\/uploads\/2020\/06\/DSC_1782-1024x1024.jpg);\">\n        <div class=\"vc-hoverbox-block-inner vc-hoverbox-front-inner\">\n            \n        <\/div>\n      <\/div>\n      <div class=\"vc-hoverbox-block vc-hoverbox-back\" style=\"background-color: #ebebeb;\">\n        <div class=\"vc-hoverbox-block-inner vc-hoverbox-back-inner\">\n            <h2 style=\"text-align:center\">Enceintes de silencieux de syst\u00e8me de climatisation<\/h2>\n            <p><a href=\"https:\/\/www.aluimpact.com\/fr\/produit\/industrie-automobile\/silencieux-pour-automotive-ac-system-shell\/\">Cliquez ici<\/a><\/p>\n<p>Pour en savoir plus sur ce produit et nous contacter<\/p>\n\n            \n        <\/div>\n      <\/div>\n    <\/div>\n  <\/div>\n<\/div><\/div><\/div><\/div><\/div>","protected":false},"excerpt":{"rendered":"<p>Automotive Industry It is certain that in the manufacture of automotive and related vehicles, the use of aluminum parts instead of steel parts can effectively reduce weight while ensuring strength requirements, and has significant cost advantages. In fact, Impact-extrusion, when properly performed, produces aluminum parts that are comparable to steel in terms of durability, strength&hellip;<\/p>","protected":false},"author":1,"featured_media":0,"parent":1441,"menu_order":0,"comment_status":"closed","ping_status":"closed","template":"","meta":[],"class_list":["post-1183","page","type-page","status-publish","hentry","description-off"],"aioseo_notices":[],"_links":{"self":[{"href":"https:\/\/www.aluimpact.com\/fr\/wp-json\/wp\/v2\/pages\/1183","targetHints":{"allow":["GET"]}}],"collection":[{"href":"https:\/\/www.aluimpact.com\/fr\/wp-json\/wp\/v2\/pages"}],"about":[{"href":"https:\/\/www.aluimpact.com\/fr\/wp-json\/wp\/v2\/types\/page"}],"author":[{"embeddable":true,"href":"https:\/\/www.aluimpact.com\/fr\/wp-json\/wp\/v2\/users\/1"}],"replies":[{"embeddable":true,"href":"https:\/\/www.aluimpact.com\/fr\/wp-json\/wp\/v2\/comments?post=1183"}],"version-history":[{"count":45,"href":"https:\/\/www.aluimpact.com\/fr\/wp-json\/wp\/v2\/pages\/1183\/revisions"}],"predecessor-version":[{"id":2352,"href":"https:\/\/www.aluimpact.com\/fr\/wp-json\/wp\/v2\/pages\/1183\/revisions\/2352"}],"up":[{"embeddable":true,"href":"https:\/\/www.aluimpact.com\/fr\/wp-json\/wp\/v2\/pages\/1441"}],"wp:attachment":[{"href":"https:\/\/www.aluimpact.com\/fr\/wp-json\/wp\/v2\/media?parent=1183"}],"curies":[{"name":"wp","href":"https:\/\/api.w.org\/{rel}","templated":true}]}}